{"id":28,"date":"2014-10-21T17:55:37","date_gmt":"2014-10-21T15:55:37","guid":{"rendered":"http:\/\/www.kochlowski-immobilien.de\/?page_id=28"},"modified":"2025-06-25T15:59:03","modified_gmt":"2025-06-25T13:59:03","slug":"startseite","status":"publish","type":"page","link":"https:\/\/www.kochlowski-immobilien.de\/","title":{"rendered":"Willkommen"},"content":{"rendered":"<p>&nbsp;<\/p>\n<figure id=\"attachment_488\" aria-describedby=\"caption-attachment-488\" style=\"width: 110px\" class=\"wp-caption alignright\"><a href=\"http:\/\/+49177-8484480\" target=\"_blank\" rel=\"noopener\"><img loading=\"lazy\" decoding=\"async\" class=\"wp-image-488\" src=\"https:\/\/www.kochlowski-immobilien.de\/wp-content\/uploads\/2025\/06\/whatsapp_12635043-150x150.png\" alt=\"\" width=\"110\" height=\"110\" srcset=\"https:\/\/www.kochlowski-immobilien.de\/wp-content\/uploads\/2025\/06\/whatsapp_12635043-150x150.png 150w, https:\/\/www.kochlowski-immobilien.de\/wp-content\/uploads\/2025\/06\/whatsapp_12635043-300x300.png 300w, https:\/\/www.kochlowski-immobilien.de\/wp-content\/uploads\/2025\/06\/whatsapp_12635043.png 512w\" sizes=\"auto, (max-width: 110px) 100vw, 110px\" \/><\/a><figcaption id=\"caption-attachment-488\" class=\"wp-caption-text\"><strong> 0177- 8484480<\/strong><\/figcaption><\/figure>\n<figure id=\"attachment_485\" aria-describedby=\"caption-attachment-485\" style=\"width: 114px\" class=\"wp-caption alignleft\"><a style=\"color: #333333;\" href=\"https:\/\/www.instagram.com\/diana_kochlowski_immobilien\/\"><img loading=\"lazy\" decoding=\"async\" class=\"wp-image-485\" src=\"https:\/\/www.kochlowski-immobilien.de\/wp-content\/uploads\/2025\/06\/Instagram_icon-300x300.png\" alt=\"Folgen Sie uns auf\" width=\"114\" height=\"114\" data-wp-editing=\"1\" srcset=\"https:\/\/www.kochlowski-immobilien.de\/wp-content\/uploads\/2025\/06\/Instagram_icon-300x300.png 300w, https:\/\/www.kochlowski-immobilien.de\/wp-content\/uploads\/2025\/06\/Instagram_icon-1024x1024.png 1024w, https:\/\/www.kochlowski-immobilien.de\/wp-content\/uploads\/2025\/06\/Instagram_icon-150x150.png 150w, https:\/\/www.kochlowski-immobilien.de\/wp-content\/uploads\/2025\/06\/Instagram_icon-768x768.png 768w, https:\/\/www.kochlowski-immobilien.de\/wp-content\/uploads\/2025\/06\/Instagram_icon-1536x1536.png 1536w, https:\/\/www.kochlowski-immobilien.de\/wp-content\/uploads\/2025\/06\/Instagram_icon-2048x2048.png 2048w\" sizes=\"auto, (max-width: 114px) 100vw, 114px\" \/><\/a><figcaption id=\"caption-attachment-485\" class=\"wp-caption-text\">Folgen Sie uns<\/figcaption><\/figure>\n<p>&nbsp;<\/p>\n<p>&nbsp;<\/p>\n<p><a href=\"https:\/\/www.kochlowski-immobilien.de\/wp-content\/uploads\/2014\/10\/logo_rot-beschnitten.jpg\"><br \/>\n<img loading=\"lazy\" decoding=\"async\" class=\"wp-image-55 aligncenter\" src=\"https:\/\/www.kochlowski-immobilien.de\/wp-content\/uploads\/2014\/10\/logo_rot-beschnitten-300x127.jpg\" alt=\"\" width=\"257\" height=\"109\" srcset=\"https:\/\/www.kochlowski-immobilien.de\/wp-content\/uploads\/2014\/10\/logo_rot-beschnitten-300x127.jpg 300w, https:\/\/www.kochlowski-immobilien.de\/wp-content\/uploads\/2014\/10\/logo_rot-beschnitten-1024x433.jpg 1024w, https:\/\/www.kochlowski-immobilien.de\/wp-content\/uploads\/2014\/10\/logo_rot-beschnitten.jpg 2022w\" sizes=\"auto, (max-width: 257px) 100vw, 257px\" \/><\/a><span style=\"color: #808080;\">Der Verkauf, die Vermietung sowie die Verwaltung einer Immobilie sind f\u00fcr den Eigent\u00fcmer mit einem gro\u00dfen zeitlichen Aufwand, <\/span><span style=\"color: #808080;\">aktuellem Fachwissen und dem <\/span><span style=\"color: #808080;\">Vorhandensein geeigneter Kontakte verbunden. Eine Wertanlage, die im Gegensatz zur Aktien-, Fond- oder Wertpapieranlage erhebliche Eigeninitiative f\u00fcr den Verm\u00f6gensaufbau <\/span><span style=\"color: #808080;\">erfordert.<\/span><\/p>\n<p><a href=\"https:\/\/www.kochlowski-immobilien.de\/wp-content\/uploads\/2014\/10\/Fotolia_68872066_XS.jpg\"><img loading=\"lazy\" decoding=\"async\" class=\"wp-image-119 size-medium alignright\" src=\"https:\/\/www.kochlowski-immobilien.de\/wp-content\/uploads\/2014\/10\/Fotolia_68872066_XS-300x198.jpg\" alt=\"Goldener Herbst mit ruhigem See im Park :)\" width=\"300\" height=\"198\" srcset=\"https:\/\/www.kochlowski-immobilien.de\/wp-content\/uploads\/2014\/10\/Fotolia_68872066_XS-300x198.jpg 300w, https:\/\/www.kochlowski-immobilien.de\/wp-content\/uploads\/2014\/10\/Fotolia_68872066_XS.jpg 426w\" sizes=\"auto, (max-width: 300px) 100vw, 300px\" \/><\/a><\/p>\n<p style=\"text-align: justify;\"><span style=\"color: #808080;\">Die Dienstleistung rund um die Immobilie ist unser Fachgebiet. Daher m\u00f6chten wir Sie bei der Verm\u00f6gens-anlage \u201eImmobilie\u201c unterst\u00fctzen und Ihnen mit Rat, Tat und Zeit zur Seite stehen, damit Sie sich wieder anderen Dingen widmen k\u00f6nnen.<\/span><\/p>\n<p style=\"text-align: justify;\"><span style=\"color: #808080;\"><a href=\"https:\/\/www.kochlowski-immobilien.de\/wp-content\/uploads\/2014\/10\/Fotolia_59412047_XS.jpg\"><img loading=\"lazy\" decoding=\"async\" class=\"alignnone size-medium wp-image-125\" src=\"https:\/\/www.kochlowski-immobilien.de\/wp-content\/uploads\/2014\/10\/Fotolia_59412047_XS-300x200.jpg\" alt=\"Scenic View of lake and fishing huts in Flam, Norway\" width=\"300\" height=\"200\" srcset=\"https:\/\/www.kochlowski-immobilien.de\/wp-content\/uploads\/2014\/10\/Fotolia_59412047_XS-300x200.jpg 300w, https:\/\/www.kochlowski-immobilien.de\/wp-content\/uploads\/2014\/10\/Fotolia_59412047_XS.jpg 423w\" sizes=\"auto, (max-width: 300px) 100vw, 300px\" \/><\/a><\/span><\/p>\n","protected":false},"excerpt":{"rendered":"<p>&nbsp; &nbsp; &nbsp; Der Verkauf, die Vermietung sowie die Verwaltung einer Immobilie sind f\u00fcr den Eigent\u00fcmer mit einem gro\u00dfen zeitlichen Aufwand, aktuellem Fachwissen und dem Vorhandensein geeigneter Kontakte verbunden. Eine Wertanlage, die im Gegensatz zur Aktien-, Fond- oder Wertpapieranlage erhebliche Eigeninitiative f\u00fcr den Verm\u00f6gensaufbau erfordert. Die Dienstleistung rund um die Immobilie ist unser Fachgebiet. Daher &hellip; <a href=\"https:\/\/www.kochlowski-immobilien.de\/\" class=\"more-link\"><span class=\"screen-reader-text\">Willkommen<\/span> weiterlesen<\/a><\/p>\n","protected":false},"author":1,"featured_media":0,"parent":0,"menu_order":0,"comment_status":"closed","ping_status":"closed","template":"","meta":{"footnotes":""},"class_list":["post-28","page","type-page","status-publish","hentry"],"_links":{"self":[{"href":"https:\/\/www.kochlowski-immobilien.de\/index.php?rest_route=\/wp\/v2\/pages\/28","targetHints":{"allow":["GET"]}}],"collection":[{"href":"https:\/\/www.kochlowski-immobilien.de\/index.php?rest_route=\/wp\/v2\/pages"}],"about":[{"href":"https:\/\/www.kochlowski-immobilien.de\/index.php?rest_route=\/wp\/v2\/types\/page"}],"author":[{"embeddable":true,"href":"https:\/\/www.kochlowski-immobilien.de\/index.php?rest_route=\/wp\/v2\/users\/1"}],"replies":[{"embeddable":true,"href":"https:\/\/www.kochlowski-immobilien.de\/index.php?rest_route=%2Fwp%2Fv2%2Fcomments&post=28"}],"version-history":[{"count":38,"href":"https:\/\/www.kochlowski-immobilien.de\/index.php?rest_route=\/wp\/v2\/pages\/28\/revisions"}],"predecessor-version":[{"id":515,"href":"https:\/\/www.kochlowski-immobilien.de\/index.php?rest_route=\/wp\/v2\/pages\/28\/revisions\/515"}],"wp:attachment":[{"href":"https:\/\/www.kochlowski-immobilien.de\/index.php?rest_route=%2Fwp%2Fv2%2Fmedia&parent=28"}],"curies":[{"name":"wp","href":"https:\/\/api.w.org\/{rel}","templated":true}]}}